{"id":59,"date":"2014-03-03T15:43:53","date_gmt":"2014-03-03T14:43:53","guid":{"rendered":"http:\/\/www.obstmanufaktur.at\/start\/?page_id=59"},"modified":"2024-05-03T12:03:35","modified_gmt":"2024-05-03T11:03:35","slug":"der-obstgarten","status":"publish","type":"page","link":"https:\/\/www.obstmanufaktur.at\/start\/","title":{"rendered":"die obstmanufaktur"},"content":{"rendered":"<p>die geschichte zur obstverarbeitung in der familie riedel ist lange. christian riedel lernte das handwerk von seinem gro\u00dfvater franz kreuzer, der die begeisterung f\u00fcr &#8222;mehr&#8220; weckte. nach der ausbildung zum gepr\u00fcften obstbaum- und kellerwart am obst- und weinbauzentrum des landes k\u00e4rnten in st. andr\u00e4 im lavanttal startete christian riedel mit der obstmanufaktur im jahre 2010 neu durch. seither w\u00e4chst die f\u00fclle an verschiedenen obstsorten und auch rarit\u00e4ten sowohl in der streuobst- als auch anlagenbewirtschaftung. ziel ist es einen integrierten obstbau &#8211; mit m\u00f6glichst nat\u00fcrlichen mitteln &#8211; zu betreiben. im vordergrund steht immer der gedanke h\u00f6chster qualit\u00e4t bei beibehaltung der urspr\u00fcnglichkeit und dem jeweiligen charakter der fr\u00fcchte. neben der ganzj\u00e4hrigen betreuung der pflanzen gilt besonderes augenmerk auf die verarbeitung und veredelung der produkte. kreative projekte und produkte sorgen stets f\u00fcr neues engagement und motivation f\u00fcr den kenner immer wieder genuss-erlebnisse zu schaffen.<\/p>\n<p>tauchen auch sie in die welt der obstmanufaktur riedel ein.<\/p>\n\n\n<div class=\"wp-block-group is-vertical is-layout-flex wp-container-core-group-is-layout-1 wp-block-group-is-layout-flex\">\n<figure class=\"wp-block-gallery has-nested-images columns-default is-cropped wp-block-gallery-1 is-layout-flex wp-block-gallery-is-layout-flex\">\n<figure class=\"wp-block-image size-large\"><a href=\"https:\/\/www.obstmanufaktur.at\/start\/wp-content\/uploads\/2024\/05\/IMG_0678-scaled.jpeg\"><img loading=\"lazy\" decoding=\"async\" width=\"768\" height=\"1024\" src=\"https:\/\/www.obstmanufaktur.at\/start\/wp-content\/uploads\/2024\/05\/IMG_0678-768x1024.jpeg\" alt=\"\" class=\"wp-image-350\" srcset=\"https:\/\/www.obstmanufaktur.at\/start\/wp-content\/uploads\/2024\/05\/IMG_0678-768x1024.jpeg 768w, https:\/\/www.obstmanufaktur.at\/start\/wp-content\/uploads\/2024\/05\/IMG_0678-225x300.jpeg 225w, https:\/\/www.obstmanufaktur.at\/start\/wp-content\/uploads\/2024\/05\/IMG_0678-1152x1536.jpeg 1152w, https:\/\/www.obstmanufaktur.at\/start\/wp-content\/uploads\/2024\/05\/IMG_0678-1536x2048.jpeg 1536w, https:\/\/www.obstmanufaktur.at\/start\/wp-content\/uploads\/2024\/05\/IMG_0678-scaled.jpeg 1920w\" sizes=\"(max-width: 706px) 89vw, (max-width: 767px) 82vw, 740px\" \/><\/a><\/figure>\n\n\n\n<figure class=\"wp-block-image size-large\"><a href=\"https:\/\/www.obstmanufaktur.at\/start\/wp-content\/uploads\/2024\/05\/IMG_0888-scaled.jpeg\"><img loading=\"lazy\" decoding=\"async\" width=\"768\" height=\"1024\" src=\"https:\/\/www.obstmanufaktur.at\/start\/wp-content\/uploads\/2024\/05\/IMG_0888-768x1024.jpeg\" alt=\"\" class=\"wp-image-349\" srcset=\"https:\/\/www.obstmanufaktur.at\/start\/wp-content\/uploads\/2024\/05\/IMG_0888-768x1024.jpeg 768w, https:\/\/www.obstmanufaktur.at\/start\/wp-content\/uploads\/2024\/05\/IMG_0888-225x300.jpeg 225w, https:\/\/www.obstmanufaktur.at\/start\/wp-content\/uploads\/2024\/05\/IMG_0888-1152x1536.jpeg 1152w, https:\/\/www.obstmanufaktur.at\/start\/wp-content\/uploads\/2024\/05\/IMG_0888-1536x2048.jpeg 1536w, https:\/\/www.obstmanufaktur.at\/start\/wp-content\/uploads\/2024\/05\/IMG_0888-scaled.jpeg 1920w\" sizes=\"(max-width: 706px) 89vw, (max-width: 767px) 82vw, 740px\" \/><\/a><\/figure>\n\n\n\n<figure class=\"wp-block-image size-large\"><a href=\"https:\/\/www.obstmanufaktur.at\/start\/wp-content\/uploads\/2024\/05\/IMG_1949-scaled.jpeg\"><img loading=\"lazy\" decoding=\"async\" width=\"768\" height=\"1024\" src=\"https:\/\/www.obstmanufaktur.at\/start\/wp-content\/uploads\/2024\/05\/IMG_1949-768x1024.jpeg\" alt=\"\" class=\"wp-image-352\" srcset=\"https:\/\/www.obstmanufaktur.at\/start\/wp-content\/uploads\/2024\/05\/IMG_1949-768x1024.jpeg 768w, https:\/\/www.obstmanufaktur.at\/start\/wp-content\/uploads\/2024\/05\/IMG_1949-225x300.jpeg 225w, https:\/\/www.obstmanufaktur.at\/start\/wp-content\/uploads\/2024\/05\/IMG_1949-1152x1536.jpeg 1152w, https:\/\/www.obstmanufaktur.at\/start\/wp-content\/uploads\/2024\/05\/IMG_1949-1536x2048.jpeg 1536w, https:\/\/www.obstmanufaktur.at\/start\/wp-content\/uploads\/2024\/05\/IMG_1949-scaled.jpeg 1920w\" sizes=\"(max-width: 706px) 89vw, (max-width: 767px) 82vw, 740px\" \/><\/a><\/figure>\n\n\n\n<figure class=\"wp-block-image size-large\"><a href=\"https:\/\/www.obstmanufaktur.at\/start\/wp-content\/uploads\/2024\/05\/IMG_3006.jpg\"><img loading=\"lazy\" decoding=\"async\" width=\"1024\" height=\"1024\" src=\"https:\/\/www.obstmanufaktur.at\/start\/wp-content\/uploads\/2024\/05\/IMG_3006-1024x1024.jpg\" alt=\"\" class=\"wp-image-353\" srcset=\"https:\/\/www.obstmanufaktur.at\/start\/wp-content\/uploads\/2024\/05\/IMG_3006-1024x1024.jpg 1024w, https:\/\/www.obstmanufaktur.at\/start\/wp-content\/uploads\/2024\/05\/IMG_3006-300x300.jpg 300w, https:\/\/www.obstmanufaktur.at\/start\/wp-content\/uploads\/2024\/05\/IMG_3006-150x150.jpg 150w, https:\/\/www.obstmanufaktur.at\/start\/wp-content\/uploads\/2024\/05\/IMG_3006-768x768.jpg 768w, https:\/\/www.obstmanufaktur.at\/start\/wp-content\/uploads\/2024\/05\/IMG_3006-1536x1536.jpg 1536w, https:\/\/www.obstmanufaktur.at\/start\/wp-content\/uploads\/2024\/05\/IMG_3006-100x100.jpg 100w, https:\/\/www.obstmanufaktur.at\/start\/wp-content\/uploads\/2024\/05\/IMG_3006.jpg 1800w\" sizes=\"(max-width: 706px) 89vw, (max-width: 767px) 82vw, 740px\" \/><\/a><\/figure>\n\n\n\n<figure class=\"wp-block-image size-large\"><a href=\"https:\/\/www.obstmanufaktur.at\/start\/wp-content\/uploads\/2024\/05\/IMG_3192-scaled.jpeg\"><img loading=\"lazy\" decoding=\"async\" width=\"768\" height=\"1024\" src=\"https:\/\/www.obstmanufaktur.at\/start\/wp-content\/uploads\/2024\/05\/IMG_3192-768x1024.jpeg\" alt=\"\" class=\"wp-image-354\" srcset=\"https:\/\/www.obstmanufaktur.at\/start\/wp-content\/uploads\/2024\/05\/IMG_3192-768x1024.jpeg 768w, https:\/\/www.obstmanufaktur.at\/start\/wp-content\/uploads\/2024\/05\/IMG_3192-225x300.jpeg 225w, https:\/\/www.obstmanufaktur.at\/start\/wp-content\/uploads\/2024\/05\/IMG_3192-1152x1536.jpeg 1152w, https:\/\/www.obstmanufaktur.at\/start\/wp-content\/uploads\/2024\/05\/IMG_3192-1536x2048.jpeg 1536w, https:\/\/www.obstmanufaktur.at\/start\/wp-content\/uploads\/2024\/05\/IMG_3192-scaled.jpeg 1920w\" sizes=\"(max-width: 706px) 89vw, (max-width: 767px) 82vw, 740px\" \/><\/a><\/figure>\n\n\n\n<figure class=\"wp-block-image size-large\"><a href=\"https:\/\/www.obstmanufaktur.at\/start\/wp-content\/uploads\/2024\/05\/IMG_3293-scaled.jpeg\"><img loading=\"lazy\" decoding=\"async\" width=\"1024\" height=\"768\" src=\"https:\/\/www.obstmanufaktur.at\/start\/wp-content\/uploads\/2024\/05\/IMG_3293-1024x768.jpeg\" alt=\"\" class=\"wp-image-355\" srcset=\"https:\/\/www.obstmanufaktur.at\/start\/wp-content\/uploads\/2024\/05\/IMG_3293-1024x768.jpeg 1024w, https:\/\/www.obstmanufaktur.at\/start\/wp-content\/uploads\/2024\/05\/IMG_3293-300x225.jpeg 300w, https:\/\/www.obstmanufaktur.at\/start\/wp-content\/uploads\/2024\/05\/IMG_3293-768x576.jpeg 768w, https:\/\/www.obstmanufaktur.at\/start\/wp-content\/uploads\/2024\/05\/IMG_3293-1536x1152.jpeg 1536w, https:\/\/www.obstmanufaktur.at\/start\/wp-content\/uploads\/2024\/05\/IMG_3293-2048x1536.jpeg 2048w\" sizes=\"(max-width: 706px) 89vw, (max-width: 767px) 82vw, 740px\" \/><\/a><\/figure>\n\n\n\n<figure class=\"wp-block-image size-large\"><a href=\"https:\/\/www.obstmanufaktur.at\/start\/wp-content\/uploads\/2014\/03\/IMG_6811-Arbeitskopie-2.jpg\"><img loading=\"lazy\" decoding=\"async\" width=\"1024\" height=\"682\" src=\"https:\/\/www.obstmanufaktur.at\/start\/wp-content\/uploads\/2014\/03\/IMG_6811-Arbeitskopie-2-1024x682.jpg\" alt=\"\" class=\"wp-image-122\" srcset=\"https:\/\/www.obstmanufaktur.at\/start\/wp-content\/uploads\/2014\/03\/IMG_6811-Arbeitskopie-2-1024x682.jpg 1024w, https:\/\/www.obstmanufaktur.at\/start\/wp-content\/uploads\/2014\/03\/IMG_6811-Arbeitskopie-2-300x200.jpg 300w, https:\/\/www.obstmanufaktur.at\/start\/wp-content\/uploads\/2014\/03\/IMG_6811-Arbeitskopie-2-540x360.jpg 540w, https:\/\/www.obstmanufaktur.at\/start\/wp-content\/uploads\/2014\/03\/IMG_6811-Arbeitskopie-2.jpg 1944w\" sizes=\"(max-width: 706px) 89vw, (max-width: 767px) 82vw, 740px\" \/><\/a><\/figure>\n\n\n\n<figure class=\"wp-block-image size-large\"><a href=\"https:\/\/www.obstmanufaktur.at\/start\/wp-content\/uploads\/2014\/03\/IMG_6774.jpg\"><img loading=\"lazy\" decoding=\"async\" width=\"682\" height=\"1024\" src=\"https:\/\/www.obstmanufaktur.at\/start\/wp-content\/uploads\/2014\/03\/IMG_6774-682x1024.jpg\" alt=\"\" class=\"wp-image-113\" srcset=\"https:\/\/www.obstmanufaktur.at\/start\/wp-content\/uploads\/2014\/03\/IMG_6774-682x1024.jpg 682w, https:\/\/www.obstmanufaktur.at\/start\/wp-content\/uploads\/2014\/03\/IMG_6774-200x300.jpg 200w, https:\/\/www.obstmanufaktur.at\/start\/wp-content\/uploads\/2014\/03\/IMG_6774-240x360.jpg 240w, https:\/\/www.obstmanufaktur.at\/start\/wp-content\/uploads\/2014\/03\/IMG_6774.jpg 1296w\" sizes=\"(max-width: 682px) 100vw, 682px\" \/><\/a><\/figure>\n\n\n\n<figure class=\"wp-block-image size-large\"><a href=\"https:\/\/www.obstmanufaktur.at\/start\/wp-content\/uploads\/2014\/03\/IMG_6805.jpg\"><img loading=\"lazy\" decoding=\"async\" width=\"1024\" height=\"682\" src=\"https:\/\/www.obstmanufaktur.at\/start\/wp-content\/uploads\/2014\/03\/IMG_6805-1024x682.jpg\" alt=\"\" class=\"wp-image-119\" srcset=\"https:\/\/www.obstmanufaktur.at\/start\/wp-content\/uploads\/2014\/03\/IMG_6805-1024x682.jpg 1024w, https:\/\/www.obstmanufaktur.at\/start\/wp-content\/uploads\/2014\/03\/IMG_6805-300x200.jpg 300w, https:\/\/www.obstmanufaktur.at\/start\/wp-content\/uploads\/2014\/03\/IMG_6805-540x360.jpg 540w, https:\/\/www.obstmanufaktur.at\/start\/wp-content\/uploads\/2014\/03\/IMG_6805.jpg 1944w\" sizes=\"(max-width: 706px) 89vw, (max-width: 767px) 82vw, 740px\" \/><\/a><\/figure>\n\n\n\n<figure class=\"wp-block-image size-large\"><a href=\"https:\/\/www.obstmanufaktur.at\/start\/wp-content\/uploads\/2014\/03\/IMG_6807.jpg\"><img loading=\"lazy\" decoding=\"async\" width=\"682\" height=\"1024\" src=\"https:\/\/www.obstmanufaktur.at\/start\/wp-content\/uploads\/2014\/03\/IMG_6807-682x1024.jpg\" alt=\"\" class=\"wp-image-121\" srcset=\"https:\/\/www.obstmanufaktur.at\/start\/wp-content\/uploads\/2014\/03\/IMG_6807-682x1024.jpg 682w, https:\/\/www.obstmanufaktur.at\/start\/wp-content\/uploads\/2014\/03\/IMG_6807-200x300.jpg 200w, https:\/\/www.obstmanufaktur.at\/start\/wp-content\/uploads\/2014\/03\/IMG_6807-240x360.jpg 240w, https:\/\/www.obstmanufaktur.at\/start\/wp-content\/uploads\/2014\/03\/IMG_6807.jpg 1296w\" sizes=\"(max-width: 682px) 100vw, 682px\" \/><\/a><\/figure>\n\n\n\n<figure class=\"wp-block-image size-large\"><a href=\"https:\/\/www.obstmanufaktur.at\/start\/wp-content\/uploads\/2014\/03\/IMG_6801.jpg\"><img loading=\"lazy\" decoding=\"async\" width=\"634\" height=\"1024\" src=\"https:\/\/www.obstmanufaktur.at\/start\/wp-content\/uploads\/2014\/03\/IMG_6801-634x1024.jpg\" alt=\"\" class=\"wp-image-118\" srcset=\"https:\/\/www.obstmanufaktur.at\/start\/wp-content\/uploads\/2014\/03\/IMG_6801-634x1024.jpg 634w, https:\/\/www.obstmanufaktur.at\/start\/wp-content\/uploads\/2014\/03\/IMG_6801-185x300.jpg 185w, https:\/\/www.obstmanufaktur.at\/start\/wp-content\/uploads\/2014\/03\/IMG_6801-222x360.jpg 222w, https:\/\/www.obstmanufaktur.at\/start\/wp-content\/uploads\/2014\/03\/IMG_6801.jpg 1071w\" sizes=\"(max-width: 634px) 100vw, 634px\" \/><\/a><\/figure>\n\n\n\n<figure class=\"wp-block-image size-large\"><a href=\"https:\/\/www.obstmanufaktur.at\/start\/wp-content\/uploads\/2014\/03\/IMG_6589.jpg\"><img loading=\"lazy\" decoding=\"async\" width=\"1024\" height=\"682\" src=\"https:\/\/www.obstmanufaktur.at\/start\/wp-content\/uploads\/2014\/03\/IMG_6589-1024x682.jpg\" alt=\"\" class=\"wp-image-109\" srcset=\"https:\/\/www.obstmanufaktur.at\/start\/wp-content\/uploads\/2014\/03\/IMG_6589-1024x682.jpg 1024w, https:\/\/www.obstmanufaktur.at\/start\/wp-content\/uploads\/2014\/03\/IMG_6589-300x200.jpg 300w, https:\/\/www.obstmanufaktur.at\/start\/wp-content\/uploads\/2014\/03\/IMG_6589-540x360.jpg 540w, https:\/\/www.obstmanufaktur.at\/start\/wp-content\/uploads\/2014\/03\/IMG_6589.jpg 1944w\" sizes=\"(max-width: 706px) 89vw, (max-width: 767px) 82vw, 740px\" \/><\/a><\/figure>\n\n\n\n<figure class=\"wp-block-image size-large\"><a href=\"https:\/\/www.obstmanufaktur.at\/start\/wp-content\/uploads\/2014\/03\/IMG_6594.jpg\"><img loading=\"lazy\" decoding=\"async\" width=\"1024\" height=\"682\" src=\"https:\/\/www.obstmanufaktur.at\/start\/wp-content\/uploads\/2014\/03\/IMG_6594-1024x682.jpg\" alt=\"\" class=\"wp-image-110\" srcset=\"https:\/\/www.obstmanufaktur.at\/start\/wp-content\/uploads\/2014\/03\/IMG_6594-1024x682.jpg 1024w, https:\/\/www.obstmanufaktur.at\/start\/wp-content\/uploads\/2014\/03\/IMG_6594-300x200.jpg 300w, https:\/\/www.obstmanufaktur.at\/start\/wp-content\/uploads\/2014\/03\/IMG_6594-540x360.jpg 540w, https:\/\/www.obstmanufaktur.at\/start\/wp-content\/uploads\/2014\/03\/IMG_6594.jpg 1944w\" sizes=\"(max-width: 706px) 89vw, (max-width: 767px) 82vw, 740px\" \/><\/a><\/figure>\n\n\n\n<figure class=\"wp-block-image size-large\"><a href=\"https:\/\/www.obstmanufaktur.at\/start\/wp-content\/uploads\/2014\/03\/MG_3696.jpg\"><img loading=\"lazy\" decoding=\"async\" width=\"1024\" height=\"682\" src=\"https:\/\/www.obstmanufaktur.at\/start\/wp-content\/uploads\/2014\/03\/MG_3696-1024x682.jpg\" alt=\"\" class=\"wp-image-107\" srcset=\"https:\/\/www.obstmanufaktur.at\/start\/wp-content\/uploads\/2014\/03\/MG_3696-1024x682.jpg 1024w, https:\/\/www.obstmanufaktur.at\/start\/wp-content\/uploads\/2014\/03\/MG_3696-300x200.jpg 300w, https:\/\/www.obstmanufaktur.at\/start\/wp-content\/uploads\/2014\/03\/MG_3696-540x360.jpg 540w\" sizes=\"(max-width: 706px) 89vw, (max-width: 767px) 82vw, 740px\" \/><\/a><\/figure>\n\n\n\n<figure class=\"wp-block-image size-large\"><a href=\"https:\/\/www.obstmanufaktur.at\/start\/wp-content\/uploads\/2014\/03\/MG_3362.jpg\"><img loading=\"lazy\" decoding=\"async\" width=\"682\" height=\"1024\" src=\"https:\/\/www.obstmanufaktur.at\/start\/wp-content\/uploads\/2014\/03\/MG_3362-682x1024.jpg\" alt=\"\" class=\"wp-image-106\" srcset=\"https:\/\/www.obstmanufaktur.at\/start\/wp-content\/uploads\/2014\/03\/MG_3362-682x1024.jpg 682w, https:\/\/www.obstmanufaktur.at\/start\/wp-content\/uploads\/2014\/03\/MG_3362-200x300.jpg 200w, https:\/\/www.obstmanufaktur.at\/start\/wp-content\/uploads\/2014\/03\/MG_3362-240x360.jpg 240w, https:\/\/www.obstmanufaktur.at\/start\/wp-content\/uploads\/2014\/03\/MG_3362.jpg 1728w\" sizes=\"(max-width: 682px) 100vw, 682px\" \/><\/a><\/figure>\n\n\n\n<figure class=\"wp-block-image size-large\"><a href=\"https:\/\/www.obstmanufaktur.at\/start\/wp-content\/uploads\/2014\/03\/IMG_6793.jpg\"><img loading=\"lazy\" decoding=\"async\" width=\"682\" height=\"1024\" src=\"https:\/\/www.obstmanufaktur.at\/start\/wp-content\/uploads\/2014\/03\/IMG_6793-682x1024.jpg\" alt=\"\" class=\"wp-image-117\" srcset=\"https:\/\/www.obstmanufaktur.at\/start\/wp-content\/uploads\/2014\/03\/IMG_6793-682x1024.jpg 682w, https:\/\/www.obstmanufaktur.at\/start\/wp-content\/uploads\/2014\/03\/IMG_6793-200x300.jpg 200w, https:\/\/www.obstmanufaktur.at\/start\/wp-content\/uploads\/2014\/03\/IMG_6793-240x360.jpg 240w, https:\/\/www.obstmanufaktur.at\/start\/wp-content\/uploads\/2014\/03\/IMG_6793.jpg 1296w\" sizes=\"(max-width: 682px) 100vw, 682px\" \/><\/a><\/figure>\n\n\n\n<figure class=\"wp-block-image size-large\"><a href=\"https:\/\/www.obstmanufaktur.at\/start\/wp-content\/uploads\/2014\/03\/MG_1634.jpg\"><img loading=\"lazy\" decoding=\"async\" width=\"1024\" height=\"682\" src=\"https:\/\/www.obstmanufaktur.at\/start\/wp-content\/uploads\/2014\/03\/MG_1634-1024x682.jpg\" alt=\"\" class=\"wp-image-96\" srcset=\"https:\/\/www.obstmanufaktur.at\/start\/wp-content\/uploads\/2014\/03\/MG_1634-1024x682.jpg 1024w, https:\/\/www.obstmanufaktur.at\/start\/wp-content\/uploads\/2014\/03\/MG_1634-300x200.jpg 300w, https:\/\/www.obstmanufaktur.at\/start\/wp-content\/uploads\/2014\/03\/MG_1634-540x360.jpg 540w\" sizes=\"(max-width: 706px) 89vw, (max-width: 767px) 82vw, 740px\" \/><\/a><\/figure>\n\n\n\n<figure class=\"wp-block-image size-large\"><a href=\"https:\/\/www.obstmanufaktur.at\/start\/wp-content\/uploads\/2014\/03\/MG_1016.jpg\"><img loading=\"lazy\" decoding=\"async\" width=\"1024\" height=\"682\" src=\"https:\/\/www.obstmanufaktur.at\/start\/wp-content\/uploads\/2014\/03\/MG_1016-1024x682.jpg\" alt=\"\" class=\"wp-image-95\" srcset=\"https:\/\/www.obstmanufaktur.at\/start\/wp-content\/uploads\/2014\/03\/MG_1016-1024x682.jpg 1024w, https:\/\/www.obstmanufaktur.at\/start\/wp-content\/uploads\/2014\/03\/MG_1016-300x200.jpg 300w, https:\/\/www.obstmanufaktur.at\/start\/wp-content\/uploads\/2014\/03\/MG_1016-540x360.jpg 540w\" sizes=\"(max-width: 706px) 89vw, (max-width: 767px) 82vw, 740px\" \/><\/a><\/figure>\n\n\n\n<figure class=\"wp-block-image size-large\"><a href=\"https:\/\/www.obstmanufaktur.at\/start\/wp-content\/uploads\/2014\/03\/MG_2919.jpg\"><img loading=\"lazy\" decoding=\"async\" width=\"1024\" height=\"682\" src=\"https:\/\/www.obstmanufaktur.at\/start\/wp-content\/uploads\/2014\/03\/MG_2919-1024x682.jpg\" alt=\"\" class=\"wp-image-103\" srcset=\"https:\/\/www.obstmanufaktur.at\/start\/wp-content\/uploads\/2014\/03\/MG_2919-1024x682.jpg 1024w, https:\/\/www.obstmanufaktur.at\/start\/wp-content\/uploads\/2014\/03\/MG_2919-300x200.jpg 300w, https:\/\/www.obstmanufaktur.at\/start\/wp-content\/uploads\/2014\/03\/MG_2919-540x360.jpg 540w\" sizes=\"(max-width: 706px) 89vw, (max-width: 767px) 82vw, 740px\" \/><\/a><\/figure>\n\n\n\n<figure class=\"wp-block-image size-large\"><a href=\"https:\/\/www.obstmanufaktur.at\/start\/wp-content\/uploads\/2014\/03\/MG_2882.jpg\"><img loading=\"lazy\" decoding=\"async\" width=\"1024\" height=\"682\" src=\"https:\/\/www.obstmanufaktur.at\/start\/wp-content\/uploads\/2014\/03\/MG_2882-1024x682.jpg\" alt=\"\" class=\"wp-image-102\" srcset=\"https:\/\/www.obstmanufaktur.at\/start\/wp-content\/uploads\/2014\/03\/MG_2882-1024x682.jpg 1024w, https:\/\/www.obstmanufaktur.at\/start\/wp-content\/uploads\/2014\/03\/MG_2882-300x200.jpg 300w, https:\/\/www.obstmanufaktur.at\/start\/wp-content\/uploads\/2014\/03\/MG_2882-540x360.jpg 540w\" sizes=\"(max-width: 706px) 89vw, (max-width: 767px) 82vw, 740px\" \/><\/a><\/figure>\n\n\n\n<figure class=\"wp-block-image size-large\"><a href=\"https:\/\/www.obstmanufaktur.at\/start\/wp-content\/uploads\/2014\/03\/MG_2881.jpg\"><img loading=\"lazy\" decoding=\"async\" width=\"1024\" height=\"682\" src=\"https:\/\/www.obstmanufaktur.at\/start\/wp-content\/uploads\/2014\/03\/MG_2881-1024x682.jpg\" alt=\"\" class=\"wp-image-101\" srcset=\"https:\/\/www.obstmanufaktur.at\/start\/wp-content\/uploads\/2014\/03\/MG_2881-1024x682.jpg 1024w, https:\/\/www.obstmanufaktur.at\/start\/wp-content\/uploads\/2014\/03\/MG_2881-300x200.jpg 300w, https:\/\/www.obstmanufaktur.at\/start\/wp-content\/uploads\/2014\/03\/MG_2881-540x360.jpg 540w\" sizes=\"(max-width: 706px) 89vw, (max-width: 767px) 82vw, 740px\" \/><\/a><\/figure>\n\n\n\n<figure class=\"wp-block-image size-large\"><a href=\"https:\/\/www.obstmanufaktur.at\/start\/wp-content\/uploads\/2014\/03\/MG_2866.jpg\"><img loading=\"lazy\" decoding=\"async\" width=\"1024\" height=\"682\" src=\"https:\/\/www.obstmanufaktur.at\/start\/wp-content\/uploads\/2014\/03\/MG_2866-1024x682.jpg\" alt=\"\" class=\"wp-image-100\" srcset=\"https:\/\/www.obstmanufaktur.at\/start\/wp-content\/uploads\/2014\/03\/MG_2866-1024x682.jpg 1024w, https:\/\/www.obstmanufaktur.at\/start\/wp-content\/uploads\/2014\/03\/MG_2866-300x200.jpg 300w, https:\/\/www.obstmanufaktur.at\/start\/wp-content\/uploads\/2014\/03\/MG_2866-540x360.jpg 540w\" sizes=\"(max-width: 706px) 89vw, (max-width: 767px) 82vw, 740px\" \/><\/a><\/figure>\n\n\n\n<figure class=\"wp-block-image size-large\"><a href=\"https:\/\/www.obstmanufaktur.at\/start\/wp-content\/uploads\/2014\/03\/MG_2848.jpg\"><img loading=\"lazy\" decoding=\"async\" width=\"1024\" height=\"682\" src=\"https:\/\/www.obstmanufaktur.at\/start\/wp-content\/uploads\/2014\/03\/MG_2848-1024x682.jpg\" alt=\"\" class=\"wp-image-99\" srcset=\"https:\/\/www.obstmanufaktur.at\/start\/wp-content\/uploads\/2014\/03\/MG_2848-1024x682.jpg 1024w, https:\/\/www.obstmanufaktur.at\/start\/wp-content\/uploads\/2014\/03\/MG_2848-300x200.jpg 300w, https:\/\/www.obstmanufaktur.at\/start\/wp-content\/uploads\/2014\/03\/MG_2848-540x360.jpg 540w\" sizes=\"(max-width: 706px) 89vw, (max-width: 767px) 82vw, 740px\" \/><\/a><\/figure>\n\n\n\n<figure class=\"wp-block-image size-large\"><a href=\"https:\/\/www.obstmanufaktur.at\/start\/wp-content\/uploads\/2014\/03\/MG_2684.jpg\"><img loading=\"lazy\" decoding=\"async\" width=\"1024\" height=\"682\" src=\"https:\/\/www.obstmanufaktur.at\/start\/wp-content\/uploads\/2014\/03\/MG_2684-1024x682.jpg\" alt=\"\" class=\"wp-image-98\" srcset=\"https:\/\/www.obstmanufaktur.at\/start\/wp-content\/uploads\/2014\/03\/MG_2684-1024x682.jpg 1024w, https:\/\/www.obstmanufaktur.at\/start\/wp-content\/uploads\/2014\/03\/MG_2684-300x200.jpg 300w, https:\/\/www.obstmanufaktur.at\/start\/wp-content\/uploads\/2014\/03\/MG_2684-540x360.jpg 540w\" sizes=\"(max-width: 706px) 89vw, (max-width: 767px) 82vw, 740px\" \/><\/a><\/figure>\n\n\n\n<figure class=\"wp-block-image size-large\"><a href=\"https:\/\/www.obstmanufaktur.at\/start\/wp-content\/uploads\/2014\/03\/MG_2675.jpg\"><img loading=\"lazy\" decoding=\"async\" width=\"1024\" height=\"682\" src=\"https:\/\/www.obstmanufaktur.at\/start\/wp-content\/uploads\/2014\/03\/MG_2675-1024x682.jpg\" alt=\"\" class=\"wp-image-97\" srcset=\"https:\/\/www.obstmanufaktur.at\/start\/wp-content\/uploads\/2014\/03\/MG_2675-1024x682.jpg 1024w, https:\/\/www.obstmanufaktur.at\/start\/wp-content\/uploads\/2014\/03\/MG_2675-300x200.jpg 300w, https:\/\/www.obstmanufaktur.at\/start\/wp-content\/uploads\/2014\/03\/MG_2675-540x360.jpg 540w\" sizes=\"(max-width: 706px) 89vw, (max-width: 767px) 82vw, 740px\" \/><\/a><\/figure>\n\n\n\n<figure class=\"wp-block-image size-large\"><a href=\"https:\/\/www.obstmanufaktur.at\/start\/wp-content\/uploads\/2014\/03\/IMG_7305.jpg\"><img loading=\"lazy\" decoding=\"async\" width=\"652\" height=\"1024\" src=\"https:\/\/www.obstmanufaktur.at\/start\/wp-content\/uploads\/2014\/03\/IMG_7305-652x1024.jpg\" alt=\"\" class=\"wp-image-180\" srcset=\"https:\/\/www.obstmanufaktur.at\/start\/wp-content\/uploads\/2014\/03\/IMG_7305-652x1024.jpg 652w, https:\/\/www.obstmanufaktur.at\/start\/wp-content\/uploads\/2014\/03\/IMG_7305-191x300.jpg 191w, https:\/\/www.obstmanufaktur.at\/start\/wp-content\/uploads\/2014\/03\/IMG_7305-229x360.jpg 229w, https:\/\/www.obstmanufaktur.at\/start\/wp-content\/uploads\/2014\/03\/IMG_7305.jpg 978w\" sizes=\"(max-width: 652px) 100vw, 652px\" \/><\/a><\/figure>\n\n\n\n<figure class=\"wp-block-image size-large\"><a href=\"https:\/\/www.obstmanufaktur.at\/start\/wp-content\/uploads\/2014\/03\/IMG_7302.jpg\"><img loading=\"lazy\" decoding=\"async\" width=\"682\" height=\"1024\" src=\"https:\/\/www.obstmanufaktur.at\/start\/wp-content\/uploads\/2014\/03\/IMG_7302-682x1024.jpg\" alt=\"\" class=\"wp-image-179\" srcset=\"https:\/\/www.obstmanufaktur.at\/start\/wp-content\/uploads\/2014\/03\/IMG_7302-682x1024.jpg 682w, https:\/\/www.obstmanufaktur.at\/start\/wp-content\/uploads\/2014\/03\/IMG_7302-200x300.jpg 200w, https:\/\/www.obstmanufaktur.at\/start\/wp-content\/uploads\/2014\/03\/IMG_7302-240x360.jpg 240w, https:\/\/www.obstmanufaktur.at\/start\/wp-content\/uploads\/2014\/03\/IMG_7302.jpg 1296w\" sizes=\"(max-width: 682px) 100vw, 682px\" \/><\/a><\/figure>\n\n\n\n<figure class=\"wp-block-image size-large\"><a href=\"https:\/\/www.obstmanufaktur.at\/start\/wp-content\/uploads\/2024\/05\/IMG_3284-scaled.jpeg\"><img loading=\"lazy\" decoding=\"async\" width=\"768\" height=\"1024\" src=\"https:\/\/www.obstmanufaktur.at\/start\/wp-content\/uploads\/2024\/05\/IMG_3284-768x1024.jpeg\" alt=\"\" class=\"wp-image-357\" srcset=\"https:\/\/www.obstmanufaktur.at\/start\/wp-content\/uploads\/2024\/05\/IMG_3284-768x1024.jpeg 768w, https:\/\/www.obstmanufaktur.at\/start\/wp-content\/uploads\/2024\/05\/IMG_3284-225x300.jpeg 225w, https:\/\/www.obstmanufaktur.at\/start\/wp-content\/uploads\/2024\/05\/IMG_3284-1152x1536.jpeg 1152w, https:\/\/www.obstmanufaktur.at\/start\/wp-content\/uploads\/2024\/05\/IMG_3284-1536x2048.jpeg 1536w, https:\/\/www.obstmanufaktur.at\/start\/wp-content\/uploads\/2024\/05\/IMG_3284-scaled.jpeg 1920w\" sizes=\"(max-width: 706px) 89vw, (max-width: 767px) 82vw, 740px\" \/><\/a><\/figure>\n<\/figure>\n<\/div>\n","protected":false},"excerpt":{"rendered":"<p>die geschichte zur obstverarbeitung in der familie riedel ist lange. christian riedel lernte das handwerk von seinem gro\u00dfvater franz kreuzer, der die begeisterung f\u00fcr &#8222;mehr&#8220; weckte. nach der ausbildung zum gepr\u00fcften obstbaum- und kellerwart am obst- und weinbauzentrum des landes k\u00e4rnten in st. andr\u00e4 im lavanttal startete christian riedel mit der obstmanufaktur im jahre 2010 &hellip; <\/p>\n<p class=\"link-more\"><a href=\"https:\/\/www.obstmanufaktur.at\/start\/\" class=\"more-link\"><span class=\"screen-reader-text\">\u201edie obstmanufaktur\u201c<\/span> weiterlesen<\/a><\/p>\n","protected":false},"author":1,"featured_media":0,"parent":0,"menu_order":0,"comment_status":"closed","ping_status":"closed","template":"","meta":{"footnotes":""},"_links":{"self":[{"href":"https:\/\/www.obstmanufaktur.at\/start\/wp-json\/wp\/v2\/pages\/59"}],"collection":[{"href":"https:\/\/www.obstmanufaktur.at\/start\/wp-json\/wp\/v2\/pages"}],"about":[{"href":"https:\/\/www.obstmanufaktur.at\/start\/wp-json\/wp\/v2\/types\/page"}],"author":[{"embeddable":true,"href":"https:\/\/www.obstmanufaktur.at\/start\/wp-json\/wp\/v2\/users\/1"}],"replies":[{"embeddable":true,"href":"https:\/\/www.obstmanufaktur.at\/start\/wp-json\/wp\/v2\/comments?post=59"}],"version-history":[{"count":26,"href":"https:\/\/www.obstmanufaktur.at\/start\/wp-json\/wp\/v2\/pages\/59\/revisions"}],"predecessor-version":[{"id":360,"href":"https:\/\/www.obstmanufaktur.at\/start\/wp-json\/wp\/v2\/pages\/59\/revisions\/360"}],"wp:attachment":[{"href":"https:\/\/www.obstmanufaktur.at\/start\/wp-json\/wp\/v2\/media?parent=59"}],"curies":[{"name":"wp","href":"https:\/\/api.w.org\/{rel}","templated":true}]}}